{"id":1594,"date":"2021-09-12T17:12:48","date_gmt":"2021-09-12T15:12:48","guid":{"rendered":"http:\/\/as-aiglon.fr\/?page_id=1594"},"modified":"2021-09-18T09:15:49","modified_gmt":"2021-09-18T07:15:49","slug":"accueil","status":"publish","type":"page","link":"https:\/\/as-aiglon.fr\/","title":{"rendered":"Accueil"},"content":{"rendered":"\n<figure class=\"wp-block-image size-large\"><img decoding=\"async\" width=\"1200\" height=\"750\" src=\"https:\/\/as-aiglon.fr\/wp-content\/uploads\/2021\/09\/background-_asa-1200x750.webp\" alt=\"\" class=\"wp-image-1963\" srcset=\"https:\/\/as-aiglon.fr\/wp-content\/uploads\/2021\/09\/background-_asa-1200x750.webp 1200w, https:\/\/as-aiglon.fr\/wp-content\/uploads\/2021\/09\/background-_asa-744x465.webp 744w, https:\/\/as-aiglon.fr\/wp-content\/uploads\/2021\/09\/background-_asa-420x263.webp 420w, https:\/\/as-aiglon.fr\/wp-content\/uploads\/2021\/09\/background-_asa-768x480.webp 768w, https:\/\/as-aiglon.fr\/wp-content\/uploads\/2021\/09\/background-_asa-300x188.webp 300w, https:\/\/as-aiglon.fr\/wp-content\/uploads\/2021\/09\/background-_asa-128x80.webp 128w, https:\/\/as-aiglon.fr\/wp-content\/uploads\/2021\/09\/background-_asa-32x20.webp 32w, https:\/\/as-aiglon.fr\/wp-content\/uploads\/2021\/09\/background-_asa.webp 1440w\" sizes=\"(max-width: 1200px) 100vw, 1200px\" \/><\/figure>\n\n\n<style id=\"sp_pcp_dynamic_style1604\">#pcp_wrapper-1604:not(.sps-glossary-layout) .sp-pcp-row,#pcp_wrapper-1604 .sps-glossary-items-group .sps-glossary-items-content {margin-right: -10px;margin-left: -10px;}#pcp_wrapper-1604 .sp-pcp-row [class*='sp-pcp-col-']{padding-right: 10px;padding-left: 10px; padding-bottom:20px;}.pcp-wrapper-1604 .sp-pcp-title a {color: #111;display: inherit;} .pcp-wrapper-1604 .sp-pcp-title a:hover {color: #e1624b;}.pcp-wrapper-1604 .sp-pcp-post-content{color: #444; }#pcp_wrapper-1604 .dots .swiper-pagination-bullet{ background: #cccccc; } #pcp_wrapper-1604 .dots .swiper-pagination-bullet-active { background: #e1624b; }#pcp_wrapper-1604 .pcp-button-prev,#pcp_wrapper-1604 .pcp-button-next{ background-image: none; background-size: auto; background-color: #fff; height: 33px; width: 33px; margin-top: 8px; border: 1px solid #aaa; text-align: center; line-height: 30px; -webkit-transition: 0.3s; border-radius: 3px; }#pcp_wrapper-1604 .pcp-button-prev:hover, #pcp_wrapper-1604 .pcp-button-next:hover{ background-color: #e1624b; border-color: #e1624b; } #pcp_wrapper-1604 .pcp-button-prev .fa, #pcp_wrapper-1604 .pcp-button-next .fa { color: #aaa; } #pcp_wrapper-1604 .pcp-button-prev:hover .fa, #pcp_wrapper-1604 .pcp-button-next:hover .fa { color: #fff; } #pcp_wrapper-1604.pcp-carousel-wrapper .sp-pcp-post{ margin-top: 0; }#pcp_wrapper-1604 .sp-pcp-post {padding: 20px 20px 20px 20px;}#pcp_wrapper-1604.sp-slider_layout .sp-pcp-post .sp-pcp-post-details {top: 20px; right:20px; bottom:20px; left:20px;}#pcp_wrapper-1604 .sp-pcp-post {border: 0px solid #e2e2e2; border-radius: 0px }#pcp_wrapper-1604 .sp-pcp-post{background-color: #ffffff;}#pcp_wrapper-1604 .pcp-post-thumb-wrapper{border: 0px solid #dddddd;border-radius:0px;}.pcp-wrapper-1604 .sp-pcp-post-meta li,.pcp-wrapper-1604 .sp-pcp-post-meta ul,.pcp-wrapper-1604 .sp-pcp-post-meta li a{color: #888;}.pcp-wrapper-1604 .sp-pcp-post-meta li a:hover{color: #e1624b;}#pcp_wrapper-1604 .pcp-readmore-link{ background: transparent; color: #111; border: 1px solid #888; border-radius: 0px; } #pcp_wrapper-1604 .pcp-readmore-link:hover { background-color: #e1624b; color: #fff; border-color: #e1624b; }#pcp_wrapper-1604 .pcp-post-pagination .page-numbers.current, #pcp_wrapper-1604 .pcp-post-pagination a.active , #pcp_wrapper-1604 .pcp-post-pagination a:hover{ color: #ffffff; background: #e1624b; border-color: #e1624b; }#pcp_wrapper-1604 .pcp-post-pagination .page-numbers, .pcp-post-pagination a{ background: #ffffff; color:#5e5e5e; border: 2px solid #bbbbbb;border-radius: 2px; }#pcp_wrapper-1604 .pcp-post-pagination{text-align: left;}@media (min-width: 1200px) {.sp-pcp-row .sp-pcp-col-xl-1 {flex: 0 0 100%;}.sp-pcp-row .sp-pcp-col-xl-2 {flex: 1 1 calc( 50% - 20px);}.sp-pcp-row .sp-pcp-col-xl-3 {flex: 1 1 calc( 33.333% - 20px);}.sp-pcp-row .sp-pcp-col-xl-4 {flex: 1 1 calc( 25% - 20px);}.sp-pcp-row .sp-pcp-col-xl-5 { flex: 1 1 calc( 20% - 20px);}.sp-pcp-row .sp-pcp-col-xl-6 {flex: 1 1 calc( 16.66666666666667% - 20px);}.sp-pcp-row .sp-pcp-col-xl-7 {flex: 1 1 calc( 14.28571428% - 20px);}.sp-pcp-row .sp-pcp-col-xl-8 {flex: 1 1 calc( 12.5% - 20px);}}@media (max-width: 1200px) {.sp-pcp-row .sp-pcp-col-lg-1 {flex: 0 0 100%;}.sp-pcp-row .sp-pcp-col-lg-2 {flex: 1 1 calc( 50% - 20px);}.sp-pcp-row .sp-pcp-col-lg-3 {flex: 1 1 calc( 33.333% - 20px);}.sp-pcp-row .sp-pcp-col-lg-4 {flex: 1 1 calc( 25% - 20px);}.sp-pcp-row .sp-pcp-col-lg-5 { flex: 1 1 calc( 20% - 20px);}.sp-pcp-row .sp-pcp-col-lg-6 {flex: 1 1 calc( 16.66666666666667% - 20px);}.sp-pcp-row .sp-pcp-col-lg-7 {flex: 1 1 calc( 14.28571428% - 20px);}.sp-pcp-row .sp-pcp-col-lg-8 {flex: 1 1 calc( 12.5% - 20px);}}@media (max-width: 992px) {.sp-pcp-row .sp-pcp-col-md-1 {flex: 0 0 100%;}.sp-pcp-row .sp-pcp-col-md-2 {flex: 1 1 calc( 50% - 20px);}.sp-pcp-row .sp-pcp-col-md-2-5 {flex: 0 0 75%;}.sp-pcp-row .sp-pcp-col-md-3 {flex: 1 1 calc( 33.333% - 20px);}.sp-pcp-row .sp-pcp-col-md-4 {flex: 1 1 calc( 25% - 20px);}.sp-pcp-row .sp-pcp-col-md-5 { flex: 1 1 calc( 20% - 20px);}.sp-pcp-row .sp-pcp-col-md-6 {flex: 1 1 calc( 16.66666666666667% - 20px);}.sp-pcp-row .sp-pcp-col-md-7 {flex: 1 1 calc( 14.28571428% - 20px);}.sp-pcp-row .sp-pcp-col-md-8 {flex: 1 1 calc( 12.5% - 20px);}}@media (max-width: 768px) {.sp-pcp-row .sp-pcp-col-sm-1 {flex: 0 0 100%;}.sp-pcp-row .sp-pcp-col-sm-2 {flex: 1 1 calc( 50% - 20px);}.sp-pcp-row .sp-pcp-col-sm-2-5 {flex: 0 0 75%;}.sp-pcp-row .sp-pcp-col-sm-3 {flex: 1 1 calc( 33.333% - 20px);}.sp-pcp-row .sp-pcp-col-sm-4 {flex: 1 1 calc( 25% - 20px);}.sp-pcp-row .sp-pcp-col-sm-5 { flex: 1 1 calc( 20% - 20px);}.sp-pcp-row .sp-pcp-col-sm-6 {flex: 1 1 calc( 16.66666666666667% - 20px);}.sp-pcp-row .sp-pcp-col-sm-7 {flex: 1 1 calc( 14.28571428% - 20px);}.sp-pcp-row .sp-pcp-col-sm-8 {flex: 1 1 calc( 12.5% - 20px);}}@media (max-width: 420px) {.sp-pcp-row .sp-pcp-col-xs-1 {flex: 0 0 100%;}.sp-pcp-row .sp-pcp-col-xs-2 {flex: 1 1 calc( 50% - 20px);}.sp-pcp-row .sp-pcp-col-xs-3 {flex: 1 1 calc( 33.333% - 20px);}.sp-pcp-row .sp-pcp-col-xs-4 {flex: 1 1 calc( 25% - 20px);}.sp-pcp-row .sp-pcp-col-xs-5 { flex: 1 1 calc( 20% - 20px);}.sp-pcp-row .sp-pcp-col-xs-6 {flex: 1 1 calc( 16.66666666666667% - 20px);}.sp-pcp-row .sp-pcp-col-xs-7 {flex: 1 1 calc( 14.28571428% - 20px);}.sp-pcp-row .sp-pcp-col-xs-8 {flex: 1 1 calc( 12.5% - 20px);}}<\/style><!-- Markup Starts -->\n<div id=\"pcp_wrapper-1604\" class=\"sp-pcp-section sp-pcp-container pcp-wrapper-1604 pcp-carousel-wrapper standard sp-carousel_layout\" data-sid=\"1604\">\n\t<div id=\"sp-pcp-id-1604\" class=\"swiper-container sp-pcp-carousel top_right\" dir=\"ltr\" data-carousel='{ \"speed\":1000, \"items\":4, \"spaceBetween\":20, \"navigation\":true, \"pagination\": true, \"autoplay\": true, \"autoplay_speed\": 2000, \"loop\": true, \"autoHeight\": false, \"lazy\":  true, \"simulateTouch\": true, \"freeMode\": false, \"slider_mouse_wheel\": false,\"allowTouchMove\": true, \"slidesPerView\": {\"lg_desktop\": 4, \"desktop\": 4, \"tablet\": 3, \"mobile_landscape\": 2, \"mobile\": 1}, \"navigation_mobile\": true, \"pagination_mobile\": true, \"stop_onHover\": true, \"enabled\": true, \"prevSlideMessage\": \"Previous slide\", \"nextSlideMessage\": \"Next slide\", \"firstSlideMessage\": \"This is the first slide\", \"lastSlideMessage\": \"This is the last slide\", \"keyboard\": \"true\", \"paginationBulletMessage\": \"Go to slide {{index}}\" }'>\n\t\t\t<div class=\"swiper-wrapper\">\n\t\t\t\t\t\t<div class=\" swiper-slide swiper-lazy\">\n\t\t\t\t\t\t<div class=\"sp-pcp-post pcp-item-2710\" data-id=\"2710\">\n\t\t\t\t\t\t\t<h2 class=\"sp-pcp-title\">\n\t\t\t\t\t\t\t\t\t<a href=\"https:\/\/as-aiglon.fr\/index.php\/2025\/08\/19\/concours-de-petanque-du-30-08\/\"  target=\"_self\">Concours de p\u00e9tanque du 30\/08<\/a>\t\t\t\t\t\t\t<\/h2>\n\t\t\t\t\t\t<div class=\"sp-pcp-post-meta\">\n\t\t\t<ul><li>\t\t\t\t\t<i class=\"fa fa-calendar\"><\/i>\n\t\t\t\t\t<time class=\"entry-date published updated\">19\/08\/2025<\/time>\n\t\t\t\t\t<\/li><\/ul>\t\t<\/div>\n\t\t\t\t\t<div class=\"sp-pcp-post-content\">\n\t\t\t\t\t<div class=\"sp-pcp-readmore\">\n\t\t\t\t\t\t\t<a class=\"pcp-readmore-link\" target=\"_self\" href=\"https:\/\/as-aiglon.fr\/index.php\/2025\/08\/19\/concours-de-petanque-du-30-08\/\" >\n\t\t\t\t\t\tVoir + <\/a>\n\t\t<\/div>\n\t\t\t\t\t<\/div>\n\t\t\t\t\t\t<\/div>\n\t\t\t\t\t<\/div>\n\t\t\t\t<div class=\" swiper-slide swiper-lazy\">\n\t\t\t\t\t\t<div class=\"sp-pcp-post pcp-item-2704\" data-id=\"2704\">\n\t\t\t\t\t\t\t<h2 class=\"sp-pcp-title\">\n\t\t\t\t\t\t\t\t\t<a href=\"https:\/\/as-aiglon.fr\/index.php\/2025\/03\/25\/recherche-entraineur-diplome\/\"  target=\"_self\">Recherche Entra\u00eeneur dipl\u00f4m\u00e9<\/a>\t\t\t\t\t\t\t<\/h2>\n\t\t\t\t\t\t<div class=\"sp-pcp-post-meta\">\n\t\t\t<ul><li>\t\t\t\t\t<i class=\"fa fa-calendar\"><\/i>\n\t\t\t\t\t<time class=\"entry-date published updated\">25\/03\/2025<\/time>\n\t\t\t\t\t<\/li><\/ul>\t\t<\/div>\n\t\t\t\t\t<div class=\"sp-pcp-post-content\">\n\t\t\t\t\t<div class=\"sp-pcp-readmore\">\n\t\t\t\t\t\t\t<a class=\"pcp-readmore-link\" target=\"_self\" href=\"https:\/\/as-aiglon.fr\/index.php\/2025\/03\/25\/recherche-entraineur-diplome\/\" >\n\t\t\t\t\t\tVoir + <\/a>\n\t\t<\/div>\n\t\t\t\t\t<\/div>\n\t\t\t\t\t\t<\/div>\n\t\t\t\t\t<\/div>\n\t\t\t\t<div class=\" swiper-slide swiper-lazy\">\n\t\t\t\t\t\t<div class=\"sp-pcp-post pcp-item-2701\" data-id=\"2701\">\n\t\t\t\t\t\t\t<h2 class=\"sp-pcp-title\">\n\t\t\t\t\t\t\t\t\t<a href=\"https:\/\/as-aiglon.fr\/index.php\/2025\/03\/25\/marche-aux-fleurs-et-de-lartisanat-8-mai-2025\/\"  target=\"_self\">March\u00e9 aux fleurs et de l&rsquo;artisanat 8 mai 2025<\/a>\t\t\t\t\t\t\t<\/h2>\n\t\t\t\t\t\t<div class=\"sp-pcp-post-meta\">\n\t\t\t<ul><li>\t\t\t\t\t<i class=\"fa fa-calendar\"><\/i>\n\t\t\t\t\t<time class=\"entry-date published updated\">25\/03\/2025<\/time>\n\t\t\t\t\t<\/li><\/ul>\t\t<\/div>\n\t\t\t\t\t<div class=\"sp-pcp-post-content\">\n\t\t\t<p>Le jeudi 8 mai 2025 aura lieu le March\u00e9 des fleurs et de l&rsquo;artisanat organis\u00e9 par l&rsquo;ASA Basket Entr\u00e9e gratuite<\/p>\n\t\t<div class=\"sp-pcp-readmore\">\n\t\t\t\t\t\t\t<a class=\"pcp-readmore-link\" target=\"_self\" href=\"https:\/\/as-aiglon.fr\/index.php\/2025\/03\/25\/marche-aux-fleurs-et-de-lartisanat-8-mai-2025\/\" >\n\t\t\t\t\t\tVoir + <\/a>\n\t\t<\/div>\n\t\t\t\t\t<\/div>\n\t\t\t\t\t\t<\/div>\n\t\t\t\t\t<\/div>\n\t\t\t\t<div class=\" swiper-slide swiper-lazy\">\n\t\t\t\t\t\t<div class=\"sp-pcp-post pcp-item-2696\" data-id=\"2696\">\n\t\t\t\t\t\t\t<h2 class=\"sp-pcp-title\">\n\t\t\t\t\t\t\t\t\t<a href=\"https:\/\/as-aiglon.fr\/index.php\/2025\/03\/25\/fete-de-la-biere-le-14-juin-2025\/\"  target=\"_self\">F\u00eate de la bi\u00e8re le 14 juin 2025<\/a>\t\t\t\t\t\t\t<\/h2>\n\t\t\t\t\t\t<div class=\"sp-pcp-post-meta\">\n\t\t\t<ul><li>\t\t\t\t\t<i class=\"fa fa-calendar\"><\/i>\n\t\t\t\t\t<time class=\"entry-date published updated\">25\/03\/2025<\/time>\n\t\t\t\t\t<\/li><\/ul>\t\t<\/div>\n\t\t\t\t\t<div class=\"sp-pcp-post-content\">\n\t\t\t<p>La f\u00eate de la bi\u00e8re aura lieu \u00e0 Auxonne au parking de l&#8217;empire le samedi 14 juin 2025 de 16h00 \u00e0 1h00.<\/p>\n\t\t<div class=\"sp-pcp-readmore\">\n\t\t\t\t\t\t\t<a class=\"pcp-readmore-link\" target=\"_self\" href=\"https:\/\/as-aiglon.fr\/index.php\/2025\/03\/25\/fete-de-la-biere-le-14-juin-2025\/\" >\n\t\t\t\t\t\tVoir + <\/a>\n\t\t<\/div>\n\t\t\t\t\t<\/div>\n\t\t\t\t\t\t<\/div>\n\t\t\t\t\t<\/div>\n\t\t\t\t<div class=\" swiper-slide swiper-lazy\">\n\t\t\t\t\t\t<div class=\"sp-pcp-post pcp-item-2680\" data-id=\"2680\">\n\t\t\t\t\t\t\t<h2 class=\"sp-pcp-title\">\n\t\t\t\t\t\t\t\t\t<a href=\"https:\/\/as-aiglon.fr\/index.php\/2024\/08\/26\/concours-de-petanque-31-aout-2024\/\"  target=\"_self\">Concours de p\u00e9tanque 31 ao\u00fbt 2024<\/a>\t\t\t\t\t\t\t<\/h2>\n\t\t\t\t\t\t<div class=\"sp-pcp-post-meta\">\n\t\t\t<ul><li>\t\t\t\t\t<i class=\"fa fa-calendar\"><\/i>\n\t\t\t\t\t<time class=\"entry-date published updated\">26\/08\/2024<\/time>\n\t\t\t\t\t<\/li><\/ul>\t\t<\/div>\n\t\t\t\t\t<div class=\"sp-pcp-post-content\">\n\t\t\t\t\t<div class=\"sp-pcp-readmore\">\n\t\t\t\t\t\t\t<a class=\"pcp-readmore-link\" target=\"_self\" href=\"https:\/\/as-aiglon.fr\/index.php\/2024\/08\/26\/concours-de-petanque-31-aout-2024\/\" >\n\t\t\t\t\t\tVoir + <\/a>\n\t\t<\/div>\n\t\t\t\t\t<\/div>\n\t\t\t\t\t\t<\/div>\n\t\t\t\t\t<\/div>\n\t\t\t\t\t<\/div>\n\t\t\t\t\t\t<div class=\"pcp-pagination swiper-pagination dots\"><\/div>\n\t\t\t\t\t\t\t\t\t\t<div class=\"pcp-button-next swiper-button-next top_right\"><i class=\"fa fa-angle-right\"><\/i><\/div>\n\t\t\t\t<div class=\"pcp-button-prev swiper-button-prev top_right\"><i class=\"fa fa-angle-left\"><\/i><\/div>\t<\/div>\n<\/div>\n\n\n\n\n<div class=\"wp-block-columns is-layout-flex wp-container-4 wp-block-columns-is-layout-flex\">\n<div class=\"wp-block-column is-layout-flow wp-block-column-is-layout-flow\">\n<figure class=\"wp-block-image size-full\"><a href=\"https:\/\/as-aiglon.fr\/index.php\/jeunes\/\"><img decoding=\"async\" width=\"400\" height=\"400\" src=\"https:\/\/as-aiglon.fr\/wp-content\/uploads\/2021\/09\/Jeunes.webp\" alt=\"\" class=\"wp-image-1965\" srcset=\"https:\/\/as-aiglon.fr\/wp-content\/uploads\/2021\/09\/Jeunes.webp 400w, https:\/\/as-aiglon.fr\/wp-content\/uploads\/2021\/09\/Jeunes-300x300.webp 300w, https:\/\/as-aiglon.fr\/wp-content\/uploads\/2021\/09\/Jeunes-128x128.webp 128w, https:\/\/as-aiglon.fr\/wp-content\/uploads\/2021\/09\/Jeunes-32x32.webp 32w\" sizes=\"(max-width: 400px) 100vw, 400px\" \/><\/a><\/figure>\n<\/div>\n\n\n\n<div class=\"wp-block-column is-layout-flow wp-block-column-is-layout-flow\">\n<figure class=\"wp-block-image size-full\"><a href=\"https:\/\/as-aiglon.fr\/index.php\/seniors\/\"><img decoding=\"async\" width=\"400\" height=\"400\" src=\"https:\/\/as-aiglon.fr\/wp-content\/uploads\/2021\/09\/Se\u0301niors.webp\" alt=\"\" class=\"wp-image-1967\" srcset=\"https:\/\/as-aiglon.fr\/wp-content\/uploads\/2021\/09\/Se\u0301niors.webp 400w, https:\/\/as-aiglon.fr\/wp-content\/uploads\/2021\/09\/Se\u0301niors-300x300.webp 300w, https:\/\/as-aiglon.fr\/wp-content\/uploads\/2021\/09\/Se\u0301niors-128x128.webp 128w, https:\/\/as-aiglon.fr\/wp-content\/uploads\/2021\/09\/Se\u0301niors-32x32.webp 32w\" sizes=\"(max-width: 400px) 100vw, 400px\" \/><\/a><\/figure>\n<\/div>\n\n\n\n<div class=\"wp-block-column is-layout-flow wp-block-column-is-layout-flow\">\n<figure class=\"wp-block-image size-full\"><a href=\"https:\/\/as-aiglon.fr\/index.php\/loisirs\/\"><img decoding=\"async\" width=\"400\" height=\"400\" src=\"https:\/\/as-aiglon.fr\/wp-content\/uploads\/2021\/09\/Loisirs.webp\" alt=\"\" class=\"wp-image-1966\" srcset=\"https:\/\/as-aiglon.fr\/wp-content\/uploads\/2021\/09\/Loisirs.webp 400w, https:\/\/as-aiglon.fr\/wp-content\/uploads\/2021\/09\/Loisirs-300x300.webp 300w, https:\/\/as-aiglon.fr\/wp-content\/uploads\/2021\/09\/Loisirs-128x128.webp 128w, https:\/\/as-aiglon.fr\/wp-content\/uploads\/2021\/09\/Loisirs-32x32.webp 32w\" sizes=\"(max-width: 400px) 100vw, 400px\" \/><\/a><\/figure>\n<\/div>\n<\/div>\n","protected":false},"excerpt":{"rendered":"","protected":false},"author":171,"featured_media":0,"parent":0,"menu_order":0,"comment_status":"closed","ping_status":"closed","template":"","meta":{"footnotes":""},"_links":{"self":[{"href":"https:\/\/as-aiglon.fr\/index.php\/wp-json\/wp\/v2\/pages\/1594"}],"collection":[{"href":"https:\/\/as-aiglon.fr\/index.php\/wp-json\/wp\/v2\/pages"}],"about":[{"href":"https:\/\/as-aiglon.fr\/index.php\/wp-json\/wp\/v2\/types\/page"}],"author":[{"embeddable":true,"href":"https:\/\/as-aiglon.fr\/index.php\/wp-json\/wp\/v2\/users\/171"}],"replies":[{"embeddable":true,"href":"https:\/\/as-aiglon.fr\/index.php\/wp-json\/wp\/v2\/comments?post=1594"}],"version-history":[{"count":12,"href":"https:\/\/as-aiglon.fr\/index.php\/wp-json\/wp\/v2\/pages\/1594\/revisions"}],"predecessor-version":[{"id":2466,"href":"https:\/\/as-aiglon.fr\/index.php\/wp-json\/wp\/v2\/pages\/1594\/revisions\/2466"}],"wp:attachment":[{"href":"https:\/\/as-aiglon.fr\/index.php\/wp-json\/wp\/v2\/media?parent=1594"}],"curies":[{"name":"wp","href":"https:\/\/api.w.org\/{rel}","templated":true}]}}